{"id":89,"date":"2022-11-08T16:26:47","date_gmt":"2022-11-08T15:26:47","guid":{"rendered":"http:\/\/www.soudesecolesderoche.org\/?page_id=89"},"modified":"2025-03-26T15:14:29","modified_gmt":"2025-03-26T14:14:29","slug":"fonctionnement-du-sou","status":"publish","type":"page","link":"https:\/\/www.soudesecolesderoche.org\/index.php\/fonctionnement-du-sou\/","title":{"rendered":"Fonctionnement"},"content":{"rendered":"\n<figure class=\"wp-block-gallery has-nested-images columns-default is-cropped wp-block-gallery-1 is-layout-flex wp-block-gallery-is-layout-flex\">\n<figure class=\"wp-block-image size-large\"><img loading=\"lazy\" decoding=\"async\" width=\"1024\" height=\"190\" data-id=\"193\" src=\"http:\/\/www.soudesecolesderoche.org\/wp-content\/uploads\/2022\/11\/Fonctionnement-1024x190.png\" alt=\"\" class=\"wp-image-193\" srcset=\"https:\/\/www.soudesecolesderoche.org\/wp-content\/uploads\/2022\/11\/Fonctionnement-1024x190.png 1024w, https:\/\/www.soudesecolesderoche.org\/wp-content\/uploads\/2022\/11\/Fonctionnement-300x56.png 300w, https:\/\/www.soudesecolesderoche.org\/wp-content\/uploads\/2022\/11\/Fonctionnement-768x142.png 768w, https:\/\/www.soudesecolesderoche.org\/wp-content\/uploads\/2022\/11\/Fonctionnement.png 1080w\" sizes=\"auto, (max-width: 1024px) 100vw, 1024px\" \/><\/figure>\n<\/figure>\n\n\n\n<div class=\"wp-block-columns alignwide is-layout-flex wp-container-core-columns-is-layout-9d6595d7 wp-block-columns-is-layout-flex\">\n<div class=\"wp-block-column has-text-color has-background has-link-color wp-elements-5afefb97d6b2865cc1b65fc3d8609f39 is-layout-flow wp-block-column-is-layout-flow\" style=\"color:#000000;background-color:#298535ba;padding-top:2em;padding-right:2em;padding-bottom:2em;padding-left:2em\">\n<h2 class=\"wp-block-heading has-text-align-center\" id=\"single\" style=\"font-size:30px\"><strong><mark style=\"background-color:rgba(0, 0, 0, 0)\" class=\"has-inline-color has-white-color\">Qui sommes-nous<\/mark><\/strong><\/h2>\n\n\n\n<p class=\"has-text-align-center\">Le Sou des \u00e9coles de Roche est une association loi 1901 <mark style=\"background-color:rgba(0, 0, 0, 0)\" class=\"has-inline-color has-white-color\">compos\u00e9e de parents d&rsquo;\u00e9l\u00e8ves<\/mark> <\/p>\n\n\n\n<p class=\"has-text-align-center\">Son but est de <mark style=\"background-color:rgba(0, 0, 0, 0)\" class=\"has-inline-color has-white-color\">soutenir les projets p\u00e9dagogiques<\/mark> choisis par les \u00e9coles en participant \u00e0 leur financement, afin de <mark style=\"background-color:rgba(0, 0, 0, 0)\" class=\"has-inline-color has-white-color\">favoriser l&rsquo;\u00e9panouissement des enfants<\/mark><\/p>\n<\/div>\n\n\n\n<div class=\"wp-block-column has-text-color has-background has-link-color wp-elements-087631e81d90d6eb74f83449af4fb558 is-layout-flow wp-block-column-is-layout-flow\" style=\"color:#000000;background-color:#fbfa61;padding-top:2em;padding-right:2em;padding-bottom:2em;padding-left:2em\">\n<h2 class=\"wp-block-heading has-text-align-center\" id=\"family\" style=\"font-size:30px\"><strong>Notre budget<\/strong><\/h2>\n\n\n\n<p class=\"has-text-align-center\" style=\"line-height:1.5\">Le budget du Sou des \u00e9coles se compose des recettes des adh\u00e9sions et des actions organis\u00e9es, et \u00e9galement de subventions   <\/p>\n\n\n\n<p class=\"has-text-align-center\" style=\"line-height:1.5\"><mark style=\"background-color:rgba(0, 0, 0, 0)\" class=\"has-inline-color has-vivid-cyan-blue-color\">Ces fonds sont d\u00e9di\u00e9s au financement des projets des \u00e9coles<\/mark><\/p>\n\n\n\n<p class=\"has-text-align-center\">Pour l&rsquo;ann\u00e9e scolaire 2023-2024, le Sou finance les projets des \u00e9coles \u00e0 hauteur de <mark style=\"background-color:rgba(0, 0, 0, 0)\" class=\"has-inline-color has-vivid-cyan-blue-color\">40\u20ac par enfant<\/mark><\/p>\n<\/div>\n\n\n\n<div class=\"wp-block-column has-text-color has-background has-link-color wp-elements-4cf50447b0507befd2db0a23776009d8 is-layout-flow wp-block-column-is-layout-flow\" style=\"color:#000000;background-color:#3161d7;padding-top:2em;padding-right:2em;padding-bottom:2em;padding-left:2em\">\n<h2 class=\"wp-block-heading has-text-align-center\" id=\"patron\" style=\"font-size:30px\"><strong><mark style=\"background-color:rgba(0, 0, 0, 0)\" class=\"has-inline-color has-white-color\">Nos actions<\/mark><\/strong><\/h2>\n\n\n\n<p class=\"has-text-align-center\">Des f\u00eates, des ventes, des rencontres\u2026<\/p>\n\n\n\n<p class=\"has-text-align-center\">Nous nous attachons \u00e0 organiser et participer au plus d&rsquo;\u00e9v\u00e8nements possibles tout au long de l&rsquo;ann\u00e9e pour <mark style=\"background-color:rgba(0, 0, 0, 0)\" class=\"has-inline-color has-white-color\">se rencontrer<\/mark>, mais aussi <mark style=\"background-color:rgba(0, 0, 0, 0)\" class=\"has-inline-color has-white-color\">cr\u00e9er et renforcer le lien entre les familles<\/mark> dans notre commune<\/p>\n\n\n\n<div class=\"wp-block-buttons alignfull is-horizontal is-content-justification-center is-layout-flex wp-container-core-buttons-is-layout-499968f5 wp-block-buttons-is-layout-flex\"><\/div>\n<\/div>\n<\/div>\n\n\n\n<p class=\"has-medium-font-size\"><strong>Nos soutiens financiers<\/strong><\/p>\n\n\n\n<div class=\"wp-block-columns alignwide has-white-background-color has-background is-layout-flex wp-container-core-columns-is-layout-9d6595d7 wp-block-columns-is-layout-flex\">\n<div class=\"wp-block-column has-white-background-color has-text-color has-background has-link-color wp-elements-581f26e97284ac87e2057bdeb29b7dde is-layout-flow wp-block-column-is-layout-flow\" style=\"color:#000000;padding-top:2em;padding-right:2em;padding-bottom:2em;padding-left:2em\">\n<figure class=\"wp-block-image size-full\"><img loading=\"lazy\" decoding=\"async\" width=\"234\" height=\"141\" src=\"https:\/\/www.soudesecolesderoche.org\/wp-content\/uploads\/2023\/04\/logo_web-1.webp\" alt=\"\" class=\"wp-image-395\"\/><\/figure>\n<\/div>\n\n\n\n<div class=\"wp-block-column has-white-background-color has-text-color has-background has-link-color wp-elements-3dfe212b6b330defb711d2794b8bccc6 is-layout-flow wp-block-column-is-layout-flow\" style=\"color:#000000;padding-top:2em;padding-right:2em;padding-bottom:2em;padding-left:2em\">\n<figure class=\"wp-block-gallery has-nested-images columns-default is-cropped wp-block-gallery-2 is-layout-flex wp-block-gallery-is-layout-flex\">\n<figure class=\"wp-block-image size-large\"><img loading=\"lazy\" decoding=\"async\" width=\"1024\" height=\"441\" data-id=\"396\" src=\"https:\/\/www.soudesecolesderoche.org\/wp-content\/uploads\/2023\/04\/Isere-1024x441.jpg\" alt=\"\" class=\"wp-image-396\" srcset=\"https:\/\/www.soudesecolesderoche.org\/wp-content\/uploads\/2023\/04\/Isere-1024x441.jpg 1024w, https:\/\/www.soudesecolesderoche.org\/wp-content\/uploads\/2023\/04\/Isere-300x129.jpg 300w, https:\/\/www.soudesecolesderoche.org\/wp-content\/uploads\/2023\/04\/Isere-768x330.jpg 768w, https:\/\/www.soudesecolesderoche.org\/wp-content\/uploads\/2023\/04\/Isere.jpg 1097w\" sizes=\"auto, (max-width: 1024px) 100vw, 1024px\" \/><\/figure>\n<\/figure>\n<\/div>\n\n\n\n<div class=\"wp-block-column has-white-background-color has-text-color has-background has-link-color wp-elements-97225decd726e735a680078fb812c90b is-layout-flow wp-block-column-is-layout-flow\" style=\"color:#000000;padding-top:2em;padding-right:2em;padding-bottom:2em;padding-left:2em\">\n<figure class=\"wp-block-gallery has-nested-images columns-default is-cropped wp-block-gallery-3 is-layout-flex wp-block-gallery-is-layout-flex\">\n<figure class=\"wp-block-image size-large\"><img loading=\"lazy\" decoding=\"async\" width=\"1024\" height=\"791\" data-id=\"677\" src=\"https:\/\/www.soudesecolesderoche.org\/wp-content\/uploads\/2025\/03\/ADL_Logo_Compact_FR_2023-1024x791.jpg\" alt=\"\" class=\"wp-image-677\" srcset=\"https:\/\/www.soudesecolesderoche.org\/wp-content\/uploads\/2025\/03\/ADL_Logo_Compact_FR_2023-1024x791.jpg 1024w, https:\/\/www.soudesecolesderoche.org\/wp-content\/uploads\/2025\/03\/ADL_Logo_Compact_FR_2023-300x232.jpg 300w, https:\/\/www.soudesecolesderoche.org\/wp-content\/uploads\/2025\/03\/ADL_Logo_Compact_FR_2023-768x593.jpg 768w, https:\/\/www.soudesecolesderoche.org\/wp-content\/uploads\/2025\/03\/ADL_Logo_Compact_FR_2023-1536x1186.jpg 1536w, https:\/\/www.soudesecolesderoche.org\/wp-content\/uploads\/2025\/03\/ADL_Logo_Compact_FR_2023-2048x1582.jpg 2048w\" sizes=\"auto, (max-width: 1024px) 100vw, 1024px\" \/><\/figure>\n<\/figure>\n\n\n\n<div class=\"wp-block-buttons alignfull is-horizontal is-content-justification-center is-layout-flex wp-container-core-buttons-is-layout-499968f5 wp-block-buttons-is-layout-flex\"><\/div>\n<\/div>\n<\/div>\n\n\n\n<p class=\"has-medium-font-size\"><strong>Vous souhaitez vous investir dans le Sou des \u00e9coles avec nous ?<\/strong> <\/p>\n\n\n\n<p>N&rsquo;h\u00e9sitez pas \u00e0 nous contacter via le formulaire de contact ou vous joindre \u00e0 nous lors d&rsquo;une de nos r\u00e9unions mensuelles <\/p>\n","protected":false},"excerpt":{"rendered":"<p>Qui sommes-nous Le Sou des \u00e9coles de Roche est une association loi 1901 compos\u00e9e de parents d&rsquo;\u00e9l\u00e8ves Son but est de soutenir les projets p\u00e9dagogiques choisis par les \u00e9coles en participant \u00e0 leur financement, afin de favoriser l&rsquo;\u00e9panouissement des enfants Notre budget Le budget du Sou des \u00e9coles se compose des recettes des adh\u00e9sions et [&hellip;]<\/p>\n","protected":false},"author":1,"featured_media":0,"parent":0,"menu_order":0,"comment_status":"closed","ping_status":"closed","template":"","meta":{"footnotes":""},"class_list":["post-89","page","type-page","status-publish","hentry"],"_links":{"self":[{"href":"https:\/\/www.soudesecolesderoche.org\/index.php\/wp-json\/wp\/v2\/pages\/89","targetHints":{"allow":["GET"]}}],"collection":[{"href":"https:\/\/www.soudesecolesderoche.org\/index.php\/wp-json\/wp\/v2\/pages"}],"about":[{"href":"https:\/\/www.soudesecolesderoche.org\/index.php\/wp-json\/wp\/v2\/types\/page"}],"author":[{"embeddable":true,"href":"https:\/\/www.soudesecolesderoche.org\/index.php\/wp-json\/wp\/v2\/users\/1"}],"replies":[{"embeddable":true,"href":"https:\/\/www.soudesecolesderoche.org\/index.php\/wp-json\/wp\/v2\/comments?post=89"}],"version-history":[{"count":15,"href":"https:\/\/www.soudesecolesderoche.org\/index.php\/wp-json\/wp\/v2\/pages\/89\/revisions"}],"predecessor-version":[{"id":678,"href":"https:\/\/www.soudesecolesderoche.org\/index.php\/wp-json\/wp\/v2\/pages\/89\/revisions\/678"}],"wp:attachment":[{"href":"https:\/\/www.soudesecolesderoche.org\/index.php\/wp-json\/wp\/v2\/media?parent=89"}],"curies":[{"name":"wp","href":"https:\/\/api.w.org\/{rel}","templated":true}]}}