{"id":3,"date":"2022-10-11T10:25:24","date_gmt":"2022-10-11T08:25:24","guid":{"rendered":"http:\/\/www.soudesecolesderoche.org\/?page_id=3"},"modified":"2022-11-18T08:24:39","modified_gmt":"2022-11-18T07:24:39","slug":"politique-de-confidentialite","status":"publish","type":"page","link":"https:\/\/www.soudesecolesderoche.org\/index.php\/politique-de-confidentialite\/","title":{"rendered":"Politique de confidentialit\u00e9"},"content":{"rendered":"\n<p><em>Derni\u00e8re mise \u00e0 jour : 17\/11\/2022<\/em><\/p>\n\n\n\n<p>\u200bComme la loi sur le r\u00e8glement g\u00e9n\u00e9ral sur la protection des donn\u00e9es le stipule, nous souhaitons \u00eatre le plus transparents possible, c\u2019est pourquoi vous trouverez ci-dessous tous les d\u00e9tails concernant l\u2019utilisation de vos informations personnelles. \u00c0 tout moment vous pouvez nous contacter pour consulter \/ modifier \/ supprimer vos donn\u00e9es en utilisant les informations figurant \u00e0 la fin de cette d\u00e9claration.<\/p>\n\n\n\n<p><strong>\u200bVos informations<\/strong><\/p>\n\n\n\n<p>\u200bNous avons besoin d\u2019informations de votre part afin de vous tenir inform\u00e9s de nos actualit\u00e9s.<\/p>\n\n\n\n<p>Nous pouvons traiter les informations suivantes :<\/p>\n\n\n\n<ul class=\"wp-block-list\">\n<li>Nom et pr\u00e9nom : afin de vous adresser les diff\u00e9rents messages.<\/li>\n\n\n\n<li>Adresse \u00e9lectronique : si vous avez acceptez de recevoir nos communications alors cette adresse sera utilis\u00e9e pour vous envoyer nos actualit\u00e9s.&nbsp;<\/li>\n\n\n\n<li>Num\u00e9ro de t\u00e9l\u00e9phone : si vous avez acceptez de recevoir nos communications alors votre num\u00e9ro de t\u00e9l\u00e9phone sera utilis\u00e9 pour vous envoyer nos actualit\u00e9s.&nbsp;<\/li>\n<\/ul>\n\n\n\n<p>Vos informations personnelles sont stock\u00e9es uniquement pour notre propre usage et ne sont jamais communiqu\u00e9es \u00e0 un tiers sans votre autorisation.<\/p>\n\n\n\n<p><strong>\u200bComment sont collect\u00e9es vos informations personnelles ?<\/strong><\/p>\n\n\n\n<ul class=\"wp-block-list\">\n<li>Au moment de l\u2019achat \/ de passer la commande avec le formulaire de commande sur le site HelloAsso.<\/li>\n\n\n\n<li>Lors de l\u2019inscription \u00e0 notre newsletter par laquelle vous acceptez de recevoir nos communications.<\/li>\n\n\n\n<li>Lorsque vous nous contactez via le formulaire ou que vous nous laissez un commentaire.<\/li>\n\n\n\n<li>Lors de la visite sur notre site avec les Cookies (voir paragraphe COOKIES plus bas)<\/li>\n<\/ul>\n\n\n\n<p><strong>A quoi nous servent vos informations ?<\/strong><\/p>\n\n\n\n<p>\u200bNous recueillons ces informations non personnelles et personnelles aux fins suivantes :<\/p>\n\n\n\n<ul class=\"wp-block-list\">\n<li>Livrer vos commandes pass\u00e9es sur HelloAsso.&nbsp;<\/li>\n\n\n\n<li>Assurer un suivi de commande et vous contacter en cas de probl\u00e8me.<\/li>\n\n\n\n<li>Vous informer des actualit\u00e9s de l&rsquo;association<\/li>\n<\/ul>\n\n\n\n<p>La collecte de votre consentement est demand\u00e9e sur les diff\u00e9rents formulaires mis en ligne sur HelloAsso afin de recevoir ou non votre accord pour vous contacter.&nbsp; Si vous d\u00e9cidez de vous inscrire \u00e0 la newsletter, vous consentez \u00e0 ce que nous traitons vos donn\u00e9es afin de g\u00e9rer et de vous envoyer des informations relatives \u00e0 nos produits et actualit\u00e9s.<\/p>\n\n\n\n<p><strong>Le stockage des donn\u00e9es&nbsp;<\/strong><\/p>\n\n\n\n<p>\u200bNotre site est h\u00e9berg\u00e9 sur OVH. Vos donn\u00e9es peuvent \u00eatre stock\u00e9es par le biais du stockage de donn\u00e9es, des bases de donn\u00e9es et des applications g\u00e9n\u00e9rales de OVH. Elles stockent vos donn\u00e9es sur des serveurs s\u00e9curis\u00e9s derri\u00e8re un pare-feu.<\/p>\n\n\n\n<p><strong>\u200bUtilisation des cookies<\/strong><\/p>\n\n\n\n<p>\u200bLes cookies sont de petits fichiers texte qui sont stock\u00e9s sur votre ordinateur lorsque vous visitez un site web. Le site internet www.soudesecolesderoche.org utilise des cookies (et des techniques comparables) pour reconna\u00eetre les visiteurs lors de leur prochaine visite. Les cookies nous permettent \u00e9galement de recueillir des informations sur l&rsquo;utilisation de notre site web et de les adapter aux souhaits de nos visiteurs, ainsi que de faire des recommandations personnelles.<\/p>\n\n\n\n<p><em>Comment accepter les cookies ?<\/em><\/p>\n\n\n\n<p>&nbsp;Lorsque vous visitez site, une fen\u00eatre s&rsquo;affiche en bas de page et vous demande votre autorisation pour utiliser les cookies comme d\u00e9crit dans la pr\u00e9sente d\u00e9claration. Si vous fermez cette fen\u00eatre ou si vous continuez \u00e0 visiter notre site, nous supposons que vous acceptez cette demande.\u200b<\/p>\n\n\n\n<p><strong>La modification et suppression de vos donn\u00e9es personnelles<\/strong><\/p>\n\n\n\n<p>\u200bVous avez la possibilit\u00e9 de consulter, modifier ou supprimer les informations sur notre site.<\/p>\n\n\n\n<ul class=\"wp-block-list\">\n<li>Vous avez le droit de consulter les informations personnelles que nous traitons ;<\/li>\n\n\n\n<li>Vous avez le droit de corriger ou de compl\u00e9ter les informations personnelles que nous traitons, si elles sont incorrectes ou incompl\u00e8tes ;<\/li>\n\n\n\n<li>Vous pouvez toujours retirer votre autorisation en d\u00e9sactivant l&rsquo;utilisation de cookies personnels ;<\/li>\n\n\n\n<li>Vous pouvez nous contacter afin d\u2019\u00eatre d\u00e9sabonn\u00e9s de nos communications.&nbsp;<\/li>\n\n\n\n<li>Vous pouvez nous demander de supprimer vos informations personnelles.<\/li>\n<\/ul>\n\n\n\n<p>Nous ferons de notre mieux pour r\u00e9pondre \u00e0 votre demande dans un d\u00e9lai de 15 jours.<\/p>\n\n\n\n<p>\u200b<\/p>\n\n\n\n<p><strong>Nous contacter<\/strong><\/p>\n\n\n\n<p>\u200bPour toutes vos questions \/ demandes concernant vos donn\u00e9es personnelles merci de vous adresser \u00e0 contact.lesaoutiens@gmail.com<\/p>\n","protected":false},"excerpt":{"rendered":"<p>Derni\u00e8re mise \u00e0 jour : 17\/11\/2022 \u200bComme la loi sur le r\u00e8glement g\u00e9n\u00e9ral sur la protection des donn\u00e9es le stipule, nous souhaitons \u00eatre le plus transparents possible, c\u2019est pourquoi vous trouverez ci-dessous tous les d\u00e9tails concernant l\u2019utilisation de vos informations personnelles. \u00c0 tout moment vous pouvez nous contacter pour consulter \/ modifier \/ supprimer vos [&hellip;]<\/p>\n","protected":false},"author":1,"featured_media":0,"parent":0,"menu_order":0,"comment_status":"closed","ping_status":"open","template":"","meta":{"footnotes":""},"class_list":["post-3","page","type-page","status-publish","hentry"],"_links":{"self":[{"href":"https:\/\/www.soudesecolesderoche.org\/index.php\/wp-json\/wp\/v2\/pages\/3","targetHints":{"allow":["GET"]}}],"collection":[{"href":"https:\/\/www.soudesecolesderoche.org\/index.php\/wp-json\/wp\/v2\/pages"}],"about":[{"href":"https:\/\/www.soudesecolesderoche.org\/index.php\/wp-json\/wp\/v2\/types\/page"}],"author":[{"embeddable":true,"href":"https:\/\/www.soudesecolesderoche.org\/index.php\/wp-json\/wp\/v2\/users\/1"}],"replies":[{"embeddable":true,"href":"https:\/\/www.soudesecolesderoche.org\/index.php\/wp-json\/wp\/v2\/comments?post=3"}],"version-history":[{"count":2,"href":"https:\/\/www.soudesecolesderoche.org\/index.php\/wp-json\/wp\/v2\/pages\/3\/revisions"}],"predecessor-version":[{"id":317,"href":"https:\/\/www.soudesecolesderoche.org\/index.php\/wp-json\/wp\/v2\/pages\/3\/revisions\/317"}],"wp:attachment":[{"href":"https:\/\/www.soudesecolesderoche.org\/index.php\/wp-json\/wp\/v2\/media?parent=3"}],"curies":[{"name":"wp","href":"https:\/\/api.w.org\/{rel}","templated":true}]}}