{"id":246,"date":"2022-11-16T16:45:21","date_gmt":"2022-11-16T15:45:21","guid":{"rendered":"http:\/\/www.soudesecolesderoche.org\/?page_id=246"},"modified":"2025-06-02T14:42:37","modified_gmt":"2025-06-02T12:42:37","slug":"mentions-legales","status":"publish","type":"page","link":"https:\/\/www.soudesecolesderoche.org\/index.php\/mentions-legales\/","title":{"rendered":"Mentions l\u00e9gales"},"content":{"rendered":"\n<p class=\"has-text-align-center\">Nom de l&rsquo;association : Sous des \u00e9coles la\u00efques de Roche<\/p>\n\n\n\n<p class=\"has-text-align-center\">Adresse : 75 rue g\u00e9rard Vernay 38090 Roche<\/p>\n\n\n\n<p class=\"has-text-align-center\">Contact : soudesecolesroche@gmail.com<\/p>\n\n\n\n<p class=\"has-text-align-center\">Directeur de la publication : T. BACHIMON<\/p>\n\n\n\n<p class=\"has-text-align-center\">H\u00e9bergeur : OVH \/ 2 rue Kellermann &#8211; 59100 Roubaix &#8211; France <\/p>\n","protected":false},"excerpt":{"rendered":"<p>Nom de l&rsquo;association : Sous des \u00e9coles la\u00efques de Roche Adresse : 75 rue g\u00e9rard Vernay 38090 Roche Contact : soudesecolesroche@gmail.com Directeur de la publication : T. BACHIMON H\u00e9bergeur : OVH \/ 2 rue Kellermann &#8211; 59100 Roubaix &#8211; France<\/p>\n","protected":false},"author":1,"featured_media":0,"parent":0,"menu_order":0,"comment_status":"closed","ping_status":"closed","template":"","meta":{"footnotes":""},"class_list":["post-246","page","type-page","status-publish","hentry"],"_links":{"self":[{"href":"https:\/\/www.soudesecolesderoche.org\/index.php\/wp-json\/wp\/v2\/pages\/246","targetHints":{"allow":["GET"]}}],"collection":[{"href":"https:\/\/www.soudesecolesderoche.org\/index.php\/wp-json\/wp\/v2\/pages"}],"about":[{"href":"https:\/\/www.soudesecolesderoche.org\/index.php\/wp-json\/wp\/v2\/types\/page"}],"author":[{"embeddable":true,"href":"https:\/\/www.soudesecolesderoche.org\/index.php\/wp-json\/wp\/v2\/users\/1"}],"replies":[{"embeddable":true,"href":"https:\/\/www.soudesecolesderoche.org\/index.php\/wp-json\/wp\/v2\/comments?post=246"}],"version-history":[{"count":5,"href":"https:\/\/www.soudesecolesderoche.org\/index.php\/wp-json\/wp\/v2\/pages\/246\/revisions"}],"predecessor-version":[{"id":692,"href":"https:\/\/www.soudesecolesderoche.org\/index.php\/wp-json\/wp\/v2\/pages\/246\/revisions\/692"}],"wp:attachment":[{"href":"https:\/\/www.soudesecolesderoche.org\/index.php\/wp-json\/wp\/v2\/media?parent=246"}],"curies":[{"name":"wp","href":"https:\/\/api.w.org\/{rel}","templated":true}]}}