{"id":230,"date":"2022-11-11T14:28:56","date_gmt":"2022-11-11T13:28:56","guid":{"rendered":"http:\/\/www.soudesecolesderoche.org\/?page_id=230"},"modified":"2025-09-04T16:24:01","modified_gmt":"2025-09-04T14:24:01","slug":"adherer-au-sou","status":"publish","type":"page","link":"https:\/\/www.soudesecolesderoche.org\/index.php\/adherer-au-sou\/","title":{"rendered":"Adh\u00e9rer au Sou"},"content":{"rendered":"\n<div class=\"wp-block-media-text alignwide is-stacked-on-mobile\"><figure class=\"wp-block-media-text__media\"><img loading=\"lazy\" decoding=\"async\" width=\"945\" height=\"945\" src=\"https:\/\/www.soudesecolesderoche.org\/wp-content\/uploads\/2022\/11\/Adhesions.png\" alt=\"\" class=\"wp-image-179 size-full\" srcset=\"https:\/\/www.soudesecolesderoche.org\/wp-content\/uploads\/2022\/11\/Adhesions.png 945w, https:\/\/www.soudesecolesderoche.org\/wp-content\/uploads\/2022\/11\/Adhesions-300x300.png 300w, https:\/\/www.soudesecolesderoche.org\/wp-content\/uploads\/2022\/11\/Adhesions-150x150.png 150w, https:\/\/www.soudesecolesderoche.org\/wp-content\/uploads\/2022\/11\/Adhesions-768x768.png 768w, https:\/\/www.soudesecolesderoche.org\/wp-content\/uploads\/2022\/11\/Adhesions-600x600.png 600w\" sizes=\"auto, (max-width: 945px) 100vw, 945px\" \/><\/figure><div class=\"wp-block-media-text__content\">\n<p>Parents, en adh\u00e9rant au Sou des \u00e9coles vous participez et soutenez financi\u00e8rement les projets p\u00e9dagogiques choisis par les \u00e9coles, pour les enfants&#8230;<\/p>\n\n\n\n<div class=\"wp-block-buttons is-layout-flex wp-block-buttons-is-layout-flex\">\n<div class=\"wp-block-button is-style-fill\"><a class=\"wp-block-button__link has-white-color has-black-background-color has-text-color has-background wp-element-button\" href=\"https:\/\/www.helloasso.com\/associations\/sou-des-ecoles-laiques-de-roche\/adhesions\/2025-2026\" target=\"_blank\" rel=\"noreferrer noopener\">Pour adh\u00e9rer c&rsquo;est ici !<\/a><\/div>\n<\/div>\n\n\n\n<p><em>Toutes les recettes du Sou des \u00e9coles sont d\u00e9di\u00e9es au financement de projets pour les enfants des \u00e9coles de Roche<\/em><\/p>\n<\/div><\/div>\n\n\n\n<p class=\"has-medium-font-size\"><strong>Vous souhaitez vous investir dans le Sou des \u00e9coles avec nous ?<\/strong> <\/p>\n\n\n\n<p>N&rsquo;h\u00e9sitez pas \u00e0 nous contacter via le formulaire de contact ou vous joindre \u00e0 nous lors d&rsquo;une de nos r\u00e9unions mensuelles <\/p>\n","protected":false},"excerpt":{"rendered":"<p>Vous souhaitez vous investir dans le Sou des \u00e9coles avec nous ? N&rsquo;h\u00e9sitez pas \u00e0 nous contacter via le formulaire de contact ou vous joindre \u00e0 nous lors d&rsquo;une de nos r\u00e9unions mensuelles<\/p>\n","protected":false},"author":1,"featured_media":182,"parent":0,"menu_order":0,"comment_status":"closed","ping_status":"closed","template":"","meta":{"footnotes":""},"class_list":["post-230","page","type-page","status-publish","has-post-thumbnail","hentry"],"_links":{"self":[{"href":"https:\/\/www.soudesecolesderoche.org\/index.php\/wp-json\/wp\/v2\/pages\/230","targetHints":{"allow":["GET"]}}],"collection":[{"href":"https:\/\/www.soudesecolesderoche.org\/index.php\/wp-json\/wp\/v2\/pages"}],"about":[{"href":"https:\/\/www.soudesecolesderoche.org\/index.php\/wp-json\/wp\/v2\/types\/page"}],"author":[{"embeddable":true,"href":"https:\/\/www.soudesecolesderoche.org\/index.php\/wp-json\/wp\/v2\/users\/1"}],"replies":[{"embeddable":true,"href":"https:\/\/www.soudesecolesderoche.org\/index.php\/wp-json\/wp\/v2\/comments?post=230"}],"version-history":[{"count":5,"href":"https:\/\/www.soudesecolesderoche.org\/index.php\/wp-json\/wp\/v2\/pages\/230\/revisions"}],"predecessor-version":[{"id":697,"href":"https:\/\/www.soudesecolesderoche.org\/index.php\/wp-json\/wp\/v2\/pages\/230\/revisions\/697"}],"wp:featuredmedia":[{"embeddable":true,"href":"https:\/\/www.soudesecolesderoche.org\/index.php\/wp-json\/wp\/v2\/media\/182"}],"wp:attachment":[{"href":"https:\/\/www.soudesecolesderoche.org\/index.php\/wp-json\/wp\/v2\/media?parent=230"}],"curies":[{"name":"wp","href":"https:\/\/api.w.org\/{rel}","templated":true}]}}