{"id":144,"date":"2022-11-09T16:00:34","date_gmt":"2022-11-09T15:00:34","guid":{"rendered":"http:\/\/www.soudesecolesderoche.org\/?page_id=144"},"modified":"2022-11-10T21:56:29","modified_gmt":"2022-11-10T20:56:29","slug":"contact","status":"publish","type":"page","link":"https:\/\/www.soudesecolesderoche.org\/index.php\/contact\/","title":{"rendered":"Contact"},"content":{"rendered":"\n<figure class=\"wp-block-image size-large is-resized\"><img loading=\"lazy\" decoding=\"async\" src=\"http:\/\/www.soudesecolesderoche.org\/wp-content\/uploads\/2022\/11\/Contact-2-1024x190.png\" alt=\"\" class=\"wp-image-198\" width=\"1245\" height=\"231\" srcset=\"https:\/\/www.soudesecolesderoche.org\/wp-content\/uploads\/2022\/11\/Contact-2-1024x190.png 1024w, https:\/\/www.soudesecolesderoche.org\/wp-content\/uploads\/2022\/11\/Contact-2-300x56.png 300w, https:\/\/www.soudesecolesderoche.org\/wp-content\/uploads\/2022\/11\/Contact-2-768x142.png 768w, https:\/\/www.soudesecolesderoche.org\/wp-content\/uploads\/2022\/11\/Contact-2.png 1080w\" sizes=\"auto, (max-width: 1245px) 100vw, 1245px\" \/><\/figure>\n\n\n\n<p class=\"has-text-align-center has-medium-font-size\"><strong><mark style=\"background-color:rgba(0, 0, 0, 0)\" class=\"has-inline-color has-black-color\">Une id\u00e9e \u00e0 nous sugg\u00e9rer, <\/mark><\/strong><\/p>\n\n\n\n<p class=\"has-text-align-center has-medium-font-size\"><strong>Une question \u00e0 nous poser ? <\/strong><\/p>\n\n\n\n<p class=\"has-text-align-center has-medium-font-size\"><strong>C&rsquo;est bien ici<\/strong><\/p>\n\n\n\n<div class=\"wp-block-contact-form-7-contact-form-selector\"><p class=\"wpcf7-contact-form-not-found\"><strong>Erreur\u00a0:<\/strong> Formulaire de contact non trouv\u00e9\u00a0!<\/p><\/div>\n","protected":false},"excerpt":{"rendered":"<p>Une id\u00e9e \u00e0 nous sugg\u00e9rer, Une question \u00e0 nous poser ? C&rsquo;est bien ici<\/p>\n","protected":false},"author":1,"featured_media":0,"parent":0,"menu_order":0,"comment_status":"closed","ping_status":"closed","template":"","meta":{"footnotes":""},"class_list":["post-144","page","type-page","status-publish","hentry"],"_links":{"self":[{"href":"https:\/\/www.soudesecolesderoche.org\/index.php\/wp-json\/wp\/v2\/pages\/144","targetHints":{"allow":["GET"]}}],"collection":[{"href":"https:\/\/www.soudesecolesderoche.org\/index.php\/wp-json\/wp\/v2\/pages"}],"about":[{"href":"https:\/\/www.soudesecolesderoche.org\/index.php\/wp-json\/wp\/v2\/types\/page"}],"author":[{"embeddable":true,"href":"https:\/\/www.soudesecolesderoche.org\/index.php\/wp-json\/wp\/v2\/users\/1"}],"replies":[{"embeddable":true,"href":"https:\/\/www.soudesecolesderoche.org\/index.php\/wp-json\/wp\/v2\/comments?post=144"}],"version-history":[{"count":6,"href":"https:\/\/www.soudesecolesderoche.org\/index.php\/wp-json\/wp\/v2\/pages\/144\/revisions"}],"predecessor-version":[{"id":204,"href":"https:\/\/www.soudesecolesderoche.org\/index.php\/wp-json\/wp\/v2\/pages\/144\/revisions\/204"}],"wp:attachment":[{"href":"https:\/\/www.soudesecolesderoche.org\/index.php\/wp-json\/wp\/v2\/media?parent=144"}],"curies":[{"name":"wp","href":"https:\/\/api.w.org\/{rel}","templated":true}]}}