{"id":133,"date":"2022-11-09T15:40:56","date_gmt":"2022-11-09T14:40:56","guid":{"rendered":"http:\/\/www.soudesecolesderoche.org\/?page_id=133"},"modified":"2026-03-30T10:47:56","modified_gmt":"2026-03-30T08:47:56","slug":"accueil","status":"publish","type":"page","link":"https:\/\/www.soudesecolesderoche.org\/","title":{"rendered":"Accueil"},"content":{"rendered":"\n<p class=\"has-text-align-center has-medium-font-size\">Qui mieux que le Sou des \u00e9coles peut se mobiliser pour offrir \u00e0 nos enfants de belles ann\u00e9es d\u2019\u00e9cole&nbsp;?<\/p>\n\n\n\n<div class=\"wp-block-group\"><div class=\"wp-block-group__inner-container is-layout-constrained wp-block-group-is-layout-constrained\">\n<p class=\"has-text-align-center\">Association historique de notre village, jeunes ou moins jeunes se souviennent des \u00e9v\u00e8nements en dehors de l\u2019\u00e9cole&#8230;<\/p>\n\n\n\n<p class=\"has-text-align-center\">Le Sou se donne pour missions de cr\u00e9er de beaux souvenirs pour nos enfants, de leur donner l\u2019envie de s\u2019engager dans le milieu associatif, et de cr\u00e9er du lien entre eux<\/p>\n<\/div><\/div>\n\n\n\n<p class=\"has-text-align-center has-large-font-size\">\ud83d\udc47 <strong>Actus du moment<\/strong> \ud83d\udc47<\/p>\n\n\n\n\n\n<div class=\"wp-block-media-text is-stacked-on-mobile\"><figure class=\"wp-block-media-text__media\"><img loading=\"lazy\" decoding=\"async\" width=\"724\" height=\"1024\" src=\"https:\/\/www.soudesecolesderoche.org\/wp-content\/uploads\/2026\/01\/SDE-Vide-Grenier-2026-2-724x1024.png\" alt=\"\" class=\"wp-image-751 size-full\" srcset=\"https:\/\/www.soudesecolesderoche.org\/wp-content\/uploads\/2026\/01\/SDE-Vide-Grenier-2026-2-724x1024.png 724w, https:\/\/www.soudesecolesderoche.org\/wp-content\/uploads\/2026\/01\/SDE-Vide-Grenier-2026-2-212x300.png 212w, https:\/\/www.soudesecolesderoche.org\/wp-content\/uploads\/2026\/01\/SDE-Vide-Grenier-2026-2-768x1086.png 768w, https:\/\/www.soudesecolesderoche.org\/wp-content\/uploads\/2026\/01\/SDE-Vide-Grenier-2026-2-1086x1536.png 1086w, https:\/\/www.soudesecolesderoche.org\/wp-content\/uploads\/2026\/01\/SDE-Vide-Grenier-2026-2-1448x2048.png 1448w, https:\/\/www.soudesecolesderoche.org\/wp-content\/uploads\/2026\/01\/SDE-Vide-Grenier-2026-2.png 1587w\" sizes=\"auto, (max-width: 724px) 100vw, 724px\" \/><\/figure><div class=\"wp-block-media-text__content\">\n<p class=\"has-small-font-size\"><\/p>\n\n\n\n<div class=\"wp-block-buttons is-layout-flex wp-block-buttons-is-layout-flex\">\n<div class=\"wp-block-button is-style-fill\"><a class=\"wp-block-button__link has-white-color has-text-color has-link-color wp-element-button\" href=\"https:\/\/www.soudesecolesderoche.org\/index.php\/vide-grenier\/\">Infos et inscriptions<\/a><\/div>\n<\/div>\n<\/div><\/div>\n\n\n\n<div class=\"wp-block-media-text is-stacked-on-mobile\"><figure class=\"wp-block-media-text__media\"><img loading=\"lazy\" decoding=\"async\" width=\"724\" height=\"1024\" src=\"https:\/\/www.soudesecolesderoche.org\/wp-content\/uploads\/2026\/03\/SDE-Ventes-objets-personnalises-2026-724x1024.png\" alt=\"\" class=\"wp-image-756 size-full\" srcset=\"https:\/\/www.soudesecolesderoche.org\/wp-content\/uploads\/2026\/03\/SDE-Ventes-objets-personnalises-2026-724x1024.png 724w, https:\/\/www.soudesecolesderoche.org\/wp-content\/uploads\/2026\/03\/SDE-Ventes-objets-personnalises-2026-212x300.png 212w, https:\/\/www.soudesecolesderoche.org\/wp-content\/uploads\/2026\/03\/SDE-Ventes-objets-personnalises-2026-768x1086.png 768w, https:\/\/www.soudesecolesderoche.org\/wp-content\/uploads\/2026\/03\/SDE-Ventes-objets-personnalises-2026-1086x1536.png 1086w, https:\/\/www.soudesecolesderoche.org\/wp-content\/uploads\/2026\/03\/SDE-Ventes-objets-personnalises-2026.png 1414w\" sizes=\"auto, (max-width: 724px) 100vw, 724px\" \/><\/figure><div class=\"wp-block-media-text__content\">\n<div class=\"wp-block-buttons is-layout-flex wp-block-buttons-is-layout-flex\">\n<div class=\"wp-block-button\"><a class=\"wp-block-button__link wp-element-button\" href=\"https:\/\/asso.initiatives.fr\/boutique\">Commander<\/a><\/div>\n<\/div>\n\n\n\n<p class=\"has-small-font-size\"><\/p>\n<\/div><\/div>\n\n\n\n<div class=\"wp-block-media-text is-stacked-on-mobile\"><figure class=\"wp-block-media-text__media\"><img loading=\"lazy\" decoding=\"async\" width=\"724\" height=\"1024\" src=\"https:\/\/www.soudesecolesderoche.org\/wp-content\/uploads\/2026\/03\/SDE-Marche-aux-fleurs-affiche-2026-724x1024.png\" alt=\"\" class=\"wp-image-761 size-full\" srcset=\"https:\/\/www.soudesecolesderoche.org\/wp-content\/uploads\/2026\/03\/SDE-Marche-aux-fleurs-affiche-2026-724x1024.png 724w, https:\/\/www.soudesecolesderoche.org\/wp-content\/uploads\/2026\/03\/SDE-Marche-aux-fleurs-affiche-2026-212x300.png 212w, https:\/\/www.soudesecolesderoche.org\/wp-content\/uploads\/2026\/03\/SDE-Marche-aux-fleurs-affiche-2026-768x1086.png 768w, https:\/\/www.soudesecolesderoche.org\/wp-content\/uploads\/2026\/03\/SDE-Marche-aux-fleurs-affiche-2026-1086x1536.png 1086w, https:\/\/www.soudesecolesderoche.org\/wp-content\/uploads\/2026\/03\/SDE-Marche-aux-fleurs-affiche-2026.png 1414w\" sizes=\"auto, (max-width: 724px) 100vw, 724px\" \/><\/figure><div class=\"wp-block-media-text__content\">\n<div class=\"wp-block-buttons is-layout-flex wp-block-buttons-is-layout-flex\">\n<div class=\"wp-block-button\"><a class=\"wp-block-button__link wp-element-button\" href=\"https:\/\/www.helloasso.com\/associations\/sou-des-ecoles-laiques-de-roche\/boutiques\/marche-aux-fleurs-2026\">Commander<\/a><\/div>\n<\/div>\n\n\n\n<p class=\"has-small-font-size\"><\/p>\n<\/div><\/div>\n\n\n\n<p><\/p>\n","protected":false},"excerpt":{"rendered":"<p>Qui mieux que le Sou des \u00e9coles peut se mobiliser pour offrir \u00e0 nos enfants de belles ann\u00e9es d\u2019\u00e9cole&nbsp;? Association historique de notre village, jeunes ou moins jeunes se souviennent des \u00e9v\u00e8nements en dehors de l\u2019\u00e9cole&#8230; Le Sou se donne pour missions de cr\u00e9er de beaux souvenirs pour nos enfants, de leur donner l\u2019envie de [&hellip;]<\/p>\n","protected":false},"author":1,"featured_media":0,"parent":0,"menu_order":0,"comment_status":"closed","ping_status":"closed","template":"","meta":{"footnotes":""},"class_list":["post-133","page","type-page","status-publish","hentry"],"_links":{"self":[{"href":"https:\/\/www.soudesecolesderoche.org\/index.php\/wp-json\/wp\/v2\/pages\/133","targetHints":{"allow":["GET"]}}],"collection":[{"href":"https:\/\/www.soudesecolesderoche.org\/index.php\/wp-json\/wp\/v2\/pages"}],"about":[{"href":"https:\/\/www.soudesecolesderoche.org\/index.php\/wp-json\/wp\/v2\/types\/page"}],"author":[{"embeddable":true,"href":"https:\/\/www.soudesecolesderoche.org\/index.php\/wp-json\/wp\/v2\/users\/1"}],"replies":[{"embeddable":true,"href":"https:\/\/www.soudesecolesderoche.org\/index.php\/wp-json\/wp\/v2\/comments?post=133"}],"version-history":[{"count":33,"href":"https:\/\/www.soudesecolesderoche.org\/index.php\/wp-json\/wp\/v2\/pages\/133\/revisions"}],"predecessor-version":[{"id":764,"href":"https:\/\/www.soudesecolesderoche.org\/index.php\/wp-json\/wp\/v2\/pages\/133\/revisions\/764"}],"wp:attachment":[{"href":"https:\/\/www.soudesecolesderoche.org\/index.php\/wp-json\/wp\/v2\/media?parent=133"}],"curies":[{"name":"wp","href":"https:\/\/api.w.org\/{rel}","templated":true}]}}